{"id":1174,"date":"2025-11-04T17:18:01","date_gmt":"2025-11-04T22:18:01","guid":{"rendered":"https:\/\/pinkgossip.ca\/?page_id=1174"},"modified":"2025-11-10T13:47:35","modified_gmt":"2025-11-10T18:47:35","slug":"find-a-beauty-salon-2","status":"publish","type":"page","link":"https:\/\/pinkgossip.ca\/en\/find-a-beauty-salon-2","title":{"rendered":"Find a Beauty Salon"},"content":{"rendered":"<style>.kb-row-layout-id1174_c89a27-05 > .kt-row-column-wrap{align-content:start;}:where(.kb-row-layout-id1174_c89a27-05 > .kt-row-column-wrap) > .wp-block-kadence-column{justify-content:start;}.kb-row-layout-id1174_c89a27-05 > .kt-row-column-wrap{column-gap:var(--global-kb-gap-md, 2rem);row-gap:var(--global-kb-gap-md, 2rem);max-width:var( --global-content-width, 1200px );padding-left:var(--global-content-edge-padding);padding-right:var(--global-content-edge-padding);padding-top:var(--global-kb-spacing-md, 2rem);padding-right:0px;padding-bottom:var(--global-kb-spacing-sm, 1.5rem);padding-left:0px;grid-template-columns:minmax(0, calc(45% - ((var(--global-kb-gap-md, 2rem) * 1 )\/2)))minmax(0, calc(55% - ((var(--global-kb-gap-md, 2rem) * 1 )\/2)));}.kb-row-layout-id1174_c89a27-05 > .kt-row-layout-overlay{opacity:0.30;}@media all and (max-width: 1024px){.kb-row-layout-id1174_c89a27-05 > .kt-row-column-wrap{padding-right:var(--global-kb-spacing-xs, 1rem);padding-left:var(--global-kb-spacing-xs, 1rem);grid-template-columns:repeat(2, minmax(0, 1fr));}}@media all and (max-width: 767px){.kb-row-layout-id1174_c89a27-05 > .kt-row-column-wrap{grid-template-columns:minmax(0, 1fr);}}<\/style><div class=\"kb-row-layout-wrap kb-row-layout-id1174_c89a27-05 alignnone wp-block-kadence-rowlayout\"><div class=\"kt-row-column-wrap kt-has-2-columns kt-row-layout-equal kt-tab-layout-inherit kt-mobile-layout-row kt-row-valign-top kb-theme-content-width\">\n<style>.kadence-column1174_d0e514-50 > .kt-inside-inner-col{display:flex;}.kadence-column1174_d0e514-50 > .kt-inside-inner-col,.kadence-column1174_d0e514-50 > .kt-inside-inner-col:before{border-top-left-radius:0px;border-top-right-radius:0px;border-bottom-right-radius:0px;border-bottom-left-radius:0px;}.kadence-column1174_d0e514-50 > .kt-inside-inner-col{column-gap:var(--global-kb-gap-sm, 1rem);}.kadence-column1174_d0e514-50 > .kt-inside-inner-col{flex-direction:column;justify-content:center;}.kadence-column1174_d0e514-50 > .kt-inside-inner-col > .aligncenter{width:100%;}.kt-row-column-wrap > .kadence-column1174_d0e514-50{align-self:center;}.kt-inner-column-height-full:not(.kt-has-1-columns) > .wp-block-kadence-column.kadence-column1174_d0e514-50{align-self:auto;}.kt-inner-column-height-full:not(.kt-has-1-columns) > .wp-block-kadence-column.kadence-column1174_d0e514-50 > .kt-inside-inner-col{flex-direction:column;justify-content:center;}.kadence-column1174_d0e514-50 > .kt-inside-inner-col:before{opacity:0.3;}.kadence-column1174_d0e514-50{position:relative;}@media all and (max-width: 1024px){.kt-row-column-wrap > .kadence-column1174_d0e514-50{align-self:center;}}@media all and (max-width: 1024px){.kt-inner-column-height-full:not(.kt-has-1-columns) > .wp-block-kadence-column.kadence-column1174_d0e514-50{align-self:auto;}}@media all and (max-width: 1024px){.kt-inner-column-height-full:not(.kt-has-1-columns) > .wp-block-kadence-column.kadence-column1174_d0e514-50 > .kt-inside-inner-col{flex-direction:column;justify-content:center;}}@media all and (max-width: 1024px){.kadence-column1174_d0e514-50 > .kt-inside-inner-col{flex-direction:column;justify-content:center;}}@media all and (max-width: 767px){.kt-row-column-wrap > .kadence-column1174_d0e514-50{align-self:center;}.kt-inner-column-height-full:not(.kt-has-1-columns) > .wp-block-kadence-column.kadence-column1174_d0e514-50{align-self:auto;}.kt-inner-column-height-full:not(.kt-has-1-columns) > .wp-block-kadence-column.kadence-column1174_d0e514-50 > .kt-inside-inner-col{flex-direction:column;justify-content:center;}.kadence-column1174_d0e514-50 > .kt-inside-inner-col{flex-direction:column;justify-content:center;}}.kadence-column1174_d0e514-50 {  position: relative;  z-index: 900;}.kadence-column1174_d0e514-50 .kt-inside-inner-col {  position: absolute;  background: #fff;  right: -100px;  top: 50%;  z-index: 900;  border-radius: 10px;  padding: 60px;  transform: translateY(-50%);}@media screen and (max-width:768px){  .kadence-column1174_d0e514-50 .kt-inside-inner-col {    position: static;    transform: none;    padding: 30px;  }}<\/style>\n<div class=\"wp-block-kadence-column kadence-column1174_d0e514-50\"><div class=\"kt-inside-inner-col\"><style>.wp-block-kadence-advancedheading.kt-adv-heading1174_20372f-88, .wp-block-kadence-advancedheading.kt-adv-heading1174_20372f-88[data-kb-block=\"kb-adv-heading1174_20372f-88\"]{line-height:1.2;font-style:normal;}.wp-block-kadence-advancedheading.kt-adv-heading1174_20372f-88 mark.kt-highlight, .wp-block-kadence-advancedheading.kt-adv-heading1174_20372f-88[data-kb-block=\"kb-adv-heading1174_20372f-88\"] mark.kt-highlight{font-style:normal;color:var(--global-palette1, #3182CE);-webkit-box-decoration-break:clone;box-decoration-break:clone;padding-top:0px;padding-right:0px;padding-bottom:0px;padding-left:0px;}.wp-block-kadence-advancedheading.kt-adv-heading1174_20372f-88 img.kb-inline-image, .wp-block-kadence-advancedheading.kt-adv-heading1174_20372f-88[data-kb-block=\"kb-adv-heading1174_20372f-88\"] img.kb-inline-image{width:150px;vertical-align:baseline;}@media all and (max-width: 1024px){.wp-block-kadence-advancedheading.kt-adv-heading1174_20372f-88, .wp-block-kadence-advancedheading.kt-adv-heading1174_20372f-88[data-kb-block=\"kb-adv-heading1174_20372f-88\"]{font-size:28px;}}<\/style>\n<h1 class=\"kt-adv-heading1174_20372f-88 wp-block-kadence-advancedheading\" data-kb-block=\"kb-adv-heading1174_20372f-88\"><mark true=\"true\" class=\"kt-highlight\">D\u00e9couvrez les salons de beaut\u00e9 pr\u00e8s de chez vous<\/mark><\/h1>\n\n\n\n<p>Vous voulez profiter de tous les avantages qu\u2019offre Pink Gossip? T\u00e9l\u00e9chargez l\u2019app d\u00e8s maintenant !      Pour les salons et les clients, d\u00e9couvrez comment tout le monde y gagne.<\/p>\n<\/div><\/div>\n\n\n<style>.kadence-column1174_5648c5-0c > .kt-inside-inner-col{min-height:365px;}.kadence-column1174_5648c5-0c > .kt-inside-inner-col,.kadence-column1174_5648c5-0c > .kt-inside-inner-col:before{border-top-left-radius:10px;border-top-right-radius:10px;border-bottom-right-radius:10px;border-bottom-left-radius:10px;}.kadence-column1174_5648c5-0c > .kt-inside-inner-col{column-gap:var(--global-kb-gap-sm, 1rem);}.kadence-column1174_5648c5-0c > .kt-inside-inner-col{flex-direction:column;}.kadence-column1174_5648c5-0c > .kt-inside-inner-col > .aligncenter{width:100%;}.kadence-column1174_5648c5-0c > .kt-inside-inner-col{background-image:url('https:\/\/pinkgossip.ca\/wp-content\/uploads\/2025\/07\/bg-salon-2-scaled.webp');background-size:cover;background-position:50% 52%;background-attachment:scroll;background-repeat:no-repeat;}.kadence-column1174_5648c5-0c > .kt-inside-inner-col:before{opacity:0.55;background-image:linear-gradient(90deg,var(--global-palette2) 0%,rgba(254,194,205,0) 100%);}.kadence-column1174_5648c5-0c{position:relative;}@media all and (max-width: 1024px){.kadence-column1174_5648c5-0c > .kt-inside-inner-col{min-height:550px;flex-direction:column;justify-content:center;}}@media all and (max-width: 767px){.kadence-column1174_5648c5-0c > .kt-inside-inner-col{min-height:350px;flex-direction:column;justify-content:center;}}<\/style>\n<div class=\"wp-block-kadence-column kadence-column1174_5648c5-0c kb-section-has-overlay\"><div class=\"kt-inside-inner-col\"><\/div><\/div>\n\n<\/div><\/div>\n\n\n<style>\n  .responsive-iframe {\n        width=\"100%\" \n        height=\"1700px\"\n        style=\"border: none; border-radius: 8px;\"\n        title=\"Embedded page\"\n        loading=\"lazy\"\n  }\n\n  \/* Mobile devices (max-width 768px) *\/\n  @media (max-width: 768px) {\n    .responsive-iframe {\n     width: 100%;\n      height: 3000px; \/* smaller height for mobile *\/\n    }\n  }\n<\/style>\n\n\n\n<iframe loading=\"lazy\" class=\"responsive-iframe\" src=\"https:\/\/pinkgossipapp.com\/web\/salons\" width=\"100%\"  height=\"1600px\"\n        style=\"border: none; border-radius: 8px;\" >\n<\/iframe>\n","protected":false},"excerpt":{"rendered":"<p>D\u00e9couvrez les salons de beaut\u00e9 pr\u00e8s de chez vous Vous voulez profiter de tous les avantages qu\u2019offre Pink Gossip? T\u00e9l\u00e9chargez l\u2019app d\u00e8s maintenant ! Pour les salons et les clients, d\u00e9couvrez comment tout le monde y gagne.<\/p>\n","protected":false},"author":15,"featured_media":0,"parent":0,"menu_order":0,"comment_status":"closed","ping_status":"closed","template":"","meta":{"_acf_changed":false,"inline_featured_image":false,"_kad_blocks_custom_css":"","_kad_blocks_head_custom_js":"","_kad_blocks_body_custom_js":"","_kad_blocks_footer_custom_js":"","_rtcl_gb_attr":"","_kad_post_transparent":"","_kad_post_title":"","_kad_post_layout":"","_kad_post_sidebar_id":"","_kad_post_content_style":"","_kad_post_vertical_padding":"","_kad_post_feature":"","_kad_post_feature_position":"","_kad_post_header":false,"_kad_post_footer":false,"_kad_post_classname":"","footnotes":""},"class_list":["post-1174","page","type-page","status-publish","hentry"],"acf":[],"yoast_head":"<!-- This site is optimized with the Yoast SEO plugin v27.4 - https:\/\/yoast.com\/product\/yoast-seo-wordpress\/ -->\n<title>Find a Beauty Salon - Pink Gossip<\/title>\n<meta name=\"robots\" content=\"index, follow, max-snippet:-1, max-image-preview:large, max-video-preview:-1\" \/>\n<link rel=\"canonical\" href=\"https:\/\/pinkgossip.ca\/en\/find-a-beauty-salon-2\" class=\"yoast-seo-meta-tag\" \/>\n<meta property=\"og:locale\" content=\"en_US\" class=\"yoast-seo-meta-tag\" \/>\n<meta property=\"og:type\" content=\"article\" class=\"yoast-seo-meta-tag\" \/>\n<meta property=\"og:title\" content=\"Find a Beauty Salon - Pink Gossip\" class=\"yoast-seo-meta-tag\" \/>\n<meta property=\"og:description\" content=\"D\u00e9couvrez les salons de beaut\u00e9 pr\u00e8s de chez vous Vous voulez profiter de tous les avantages qu\u2019offre Pink Gossip? T\u00e9l\u00e9chargez l\u2019app d\u00e8s maintenant ! Pour les salons et les clients, d\u00e9couvrez comment tout le monde y gagne.\" class=\"yoast-seo-meta-tag\" \/>\n<meta property=\"og:url\" content=\"https:\/\/pinkgossip.ca\/en\/find-a-beauty-salon-2\" class=\"yoast-seo-meta-tag\" \/>\n<meta property=\"og:site_name\" content=\"Pink Gossip\" class=\"yoast-seo-meta-tag\" \/>\n<meta property=\"article:modified_time\" content=\"2025-11-10T18:47:35+00:00\" class=\"yoast-seo-meta-tag\" \/>\n<meta name=\"twitter:card\" content=\"summary_large_image\" class=\"yoast-seo-meta-tag\" \/>\n<script type=\"application\/ld+json\" class=\"yoast-schema-graph\">{\"@context\":\"https:\\\/\\\/schema.org\",\"@graph\":[{\"@type\":\"WebPage\",\"@id\":\"https:\\\/\\\/pinkgossip.ca\\\/en\\\/find-a-beauty-salon-2\",\"url\":\"https:\\\/\\\/pinkgossip.ca\\\/en\\\/find-a-beauty-salon-2\",\"name\":\"Find a Beauty Salon - Pink Gossip\",\"isPartOf\":{\"@id\":\"https:\\\/\\\/pinkgossip.ca\\\/en#website\"},\"datePublished\":\"2025-11-04T22:18:01+00:00\",\"dateModified\":\"2025-11-10T18:47:35+00:00\",\"breadcrumb\":{\"@id\":\"https:\\\/\\\/pinkgossip.ca\\\/en\\\/find-a-beauty-salon-2#breadcrumb\"},\"inLanguage\":\"en-US\",\"potentialAction\":[{\"@type\":\"ReadAction\",\"target\":[\"https:\\\/\\\/pinkgossip.ca\\\/en\\\/find-a-beauty-salon-2\"]}]},{\"@type\":\"BreadcrumbList\",\"@id\":\"https:\\\/\\\/pinkgossip.ca\\\/en\\\/find-a-beauty-salon-2#breadcrumb\",\"itemListElement\":[{\"@type\":\"ListItem\",\"position\":1,\"name\":\"Accueil\",\"item\":\"https:\\\/\\\/pinkgossip.ca\\\/en\"},{\"@type\":\"ListItem\",\"position\":2,\"name\":\"Find a Beauty Salon\"}]},{\"@type\":\"WebSite\",\"@id\":\"https:\\\/\\\/pinkgossip.ca\\\/en#website\",\"url\":\"https:\\\/\\\/pinkgossip.ca\\\/en\",\"name\":\"Pink Gossip\",\"description\":\"Indulge in Beauty\",\"publisher\":{\"@id\":\"https:\\\/\\\/pinkgossip.ca\\\/en#organization\"},\"potentialAction\":[{\"@type\":\"SearchAction\",\"target\":{\"@type\":\"EntryPoint\",\"urlTemplate\":\"https:\\\/\\\/pinkgossip.ca\\\/en?s={search_term_string}\"},\"query-input\":{\"@type\":\"PropertyValueSpecification\",\"valueRequired\":true,\"valueName\":\"search_term_string\"}}],\"inLanguage\":\"en-US\"},{\"@type\":\"Organization\",\"@id\":\"https:\\\/\\\/pinkgossip.ca\\\/en#organization\",\"name\":\"Pink Gossip\",\"url\":\"https:\\\/\\\/pinkgossip.ca\\\/en\",\"logo\":{\"@type\":\"ImageObject\",\"inLanguage\":\"en-US\",\"@id\":\"https:\\\/\\\/pinkgossip.ca\\\/en#\\\/schema\\\/logo\\\/image\\\/\",\"url\":\"https:\\\/\\\/pinkgossip.ca\\\/wp-content\\\/uploads\\\/2025\\\/10\\\/PinkG-Logo.svg\",\"contentUrl\":\"https:\\\/\\\/pinkgossip.ca\\\/wp-content\\\/uploads\\\/2025\\\/10\\\/PinkG-Logo.svg\",\"caption\":\"Pink Gossip\"},\"image\":{\"@id\":\"https:\\\/\\\/pinkgossip.ca\\\/en#\\\/schema\\\/logo\\\/image\\\/\"}}]}<\/script>\n<!-- \/ Yoast SEO plugin. -->","yoast_head_json":{"title":"Find a Beauty Salon - Pink Gossip","robots":{"index":"index","follow":"follow","max-snippet":"max-snippet:-1","max-image-preview":"max-image-preview:large","max-video-preview":"max-video-preview:-1"},"canonical":"https:\/\/pinkgossip.ca\/en\/find-a-beauty-salon-2","og_locale":"en_US","og_type":"article","og_title":"Find a Beauty Salon - Pink Gossip","og_description":"D\u00e9couvrez les salons de beaut\u00e9 pr\u00e8s de chez vous Vous voulez profiter de tous les avantages qu\u2019offre Pink Gossip? T\u00e9l\u00e9chargez l\u2019app d\u00e8s maintenant ! Pour les salons et les clients, d\u00e9couvrez comment tout le monde y gagne.","og_url":"https:\/\/pinkgossip.ca\/en\/find-a-beauty-salon-2","og_site_name":"Pink Gossip","article_modified_time":"2025-11-10T18:47:35+00:00","twitter_card":"summary_large_image","schema":{"@context":"https:\/\/schema.org","@graph":[{"@type":"WebPage","@id":"https:\/\/pinkgossip.ca\/en\/find-a-beauty-salon-2","url":"https:\/\/pinkgossip.ca\/en\/find-a-beauty-salon-2","name":"Find a Beauty Salon - Pink Gossip","isPartOf":{"@id":"https:\/\/pinkgossip.ca\/en#website"},"datePublished":"2025-11-04T22:18:01+00:00","dateModified":"2025-11-10T18:47:35+00:00","breadcrumb":{"@id":"https:\/\/pinkgossip.ca\/en\/find-a-beauty-salon-2#breadcrumb"},"inLanguage":"en-US","potentialAction":[{"@type":"ReadAction","target":["https:\/\/pinkgossip.ca\/en\/find-a-beauty-salon-2"]}]},{"@type":"BreadcrumbList","@id":"https:\/\/pinkgossip.ca\/en\/find-a-beauty-salon-2#breadcrumb","itemListElement":[{"@type":"ListItem","position":1,"name":"Accueil","item":"https:\/\/pinkgossip.ca\/en"},{"@type":"ListItem","position":2,"name":"Find a Beauty Salon"}]},{"@type":"WebSite","@id":"https:\/\/pinkgossip.ca\/en#website","url":"https:\/\/pinkgossip.ca\/en","name":"Pink Gossip","description":"Indulge in Beauty","publisher":{"@id":"https:\/\/pinkgossip.ca\/en#organization"},"potentialAction":[{"@type":"SearchAction","target":{"@type":"EntryPoint","urlTemplate":"https:\/\/pinkgossip.ca\/en?s={search_term_string}"},"query-input":{"@type":"PropertyValueSpecification","valueRequired":true,"valueName":"search_term_string"}}],"inLanguage":"en-US"},{"@type":"Organization","@id":"https:\/\/pinkgossip.ca\/en#organization","name":"Pink Gossip","url":"https:\/\/pinkgossip.ca\/en","logo":{"@type":"ImageObject","inLanguage":"en-US","@id":"https:\/\/pinkgossip.ca\/en#\/schema\/logo\/image\/","url":"https:\/\/pinkgossip.ca\/wp-content\/uploads\/2025\/10\/PinkG-Logo.svg","contentUrl":"https:\/\/pinkgossip.ca\/wp-content\/uploads\/2025\/10\/PinkG-Logo.svg","caption":"Pink Gossip"},"image":{"@id":"https:\/\/pinkgossip.ca\/en#\/schema\/logo\/image\/"}}]}},"taxonomy_info":[],"featured_image_src_large":false,"author_info":{"display_name":"loaihamoud@gmail.com","author_link":"https:\/\/pinkgossip.ca\/en\/blogue\/author\/loaihamoudgmail-com"},"comment_info":0,"_links":{"self":[{"href":"https:\/\/pinkgossip.ca\/en\/wp-json\/wp\/v2\/pages\/1174","targetHints":{"allow":["GET"]}}],"collection":[{"href":"https:\/\/pinkgossip.ca\/en\/wp-json\/wp\/v2\/pages"}],"about":[{"href":"https:\/\/pinkgossip.ca\/en\/wp-json\/wp\/v2\/types\/page"}],"author":[{"embeddable":true,"href":"https:\/\/pinkgossip.ca\/en\/wp-json\/wp\/v2\/users\/15"}],"replies":[{"embeddable":true,"href":"https:\/\/pinkgossip.ca\/en\/wp-json\/wp\/v2\/comments?post=1174"}],"version-history":[{"count":2,"href":"https:\/\/pinkgossip.ca\/en\/wp-json\/wp\/v2\/pages\/1174\/revisions"}],"predecessor-version":[{"id":1231,"href":"https:\/\/pinkgossip.ca\/en\/wp-json\/wp\/v2\/pages\/1174\/revisions\/1231"}],"wp:attachment":[{"href":"https:\/\/pinkgossip.ca\/en\/wp-json\/wp\/v2\/media?parent=1174"}],"curies":[{"name":"wp","href":"https:\/\/api.w.org\/{rel}","templated":true}]}}